{"id":351,"date":"2025-05-07T15:53:06","date_gmt":"2025-05-07T15:53:06","guid":{"rendered":"https:\/\/jamroz-kancelaria.pl\/?page_id=351"},"modified":"2025-05-07T16:46:22","modified_gmt":"2025-05-07T16:46:22","slug":"porady-prawne-online-skonsultuj-sie-z-prawnikiem-zdalnie-jamroz-kancelaria-pl","status":"publish","type":"page","link":"https:\/\/jamroz-kancelaria.pl\/?page_id=351","title":{"rendered":"Porady on-line"},"content":{"rendered":"\n<p><strong>Z my\u015bl\u0105 o Pa\u0144stwa wygodzie oferujemy porady prawne online.<\/strong><\/p>\n\n\n\n<p>Rozumiemy, \u017ce codzienne obowi\u0105zki i inne okoliczno\u015bci nie zawsze pozwalaj\u0105 na osobist\u0105 wizyt\u0119 w kancelarii. Dlatego zach\u0119camy do skorzystania z konsultacji prawnych w formie zdalnej.<\/p>\n\n\n\n<p>Aby um\u00f3wi\u0107 si\u0119 na porad\u0119 online, <strong>prosimy o kontakt mailowy w celu rezerwacji terminu<\/strong>. Po otrzymaniu zg\u0142oszenia, skontaktujemy si\u0119 z Pa\u0144stwem w celu ustalenia dogodnej platformy do spotkania oraz poznania og\u00f3lnego zakresu sprawy \u2013 tak, aby maksymalnie efektywnie wykorzysta\u0107 wsp\u00f3lny czas.<\/p>\n\n\n\n<p><i class=\"fa fa-phone\"><\/i> <a href=\"tel:694359815\">694 359 815<\/a><\/p>\n\n\n\n<p><i class=\"fa fa-envelope-open\"><\/i> <a href=\"mailto:kancelaria.ajamroz@gmail.com\"> kancelaria.ajamroz@gmail.com<\/a><\/p>\n\n\n\n<p><a href=\"https:\/\/jamroz-kancelaria.pl\/?page_id=17\">kontakt<\/a><\/p>\n","protected":false},"excerpt":{"rendered":"<p>Z my\u015bl\u0105 o Pa\u0144stwa wygodzie oferujemy porady prawne online. Rozumiemy, \u017ce codzienne obowi\u0105zki i inne okoliczno\u015bci nie zawsze pozwalaj\u0105 na osobist\u0105 wizyt\u0119 w kancelarii. Dlatego zach\u0119camy do skorzystania z konsultacji prawnych w formie zdalnej. Aby um\u00f3wi\u0107 si\u0119 na porad\u0119 online, prosimy o kontakt mailowy w&nbsp;<a class=\"read-more\" href=\"https:\/\/jamroz-kancelaria.pl\/?page_id=351\">&hellip;<\/a><\/p>\n","protected":false},"author":1,"featured_media":0,"parent":0,"menu_order":0,"comment_status":"closed","ping_status":"closed","template":"","meta":{"_themeisle_gutenberg_block_has_review":false,"footnotes":""},"yoast_head":"<!-- This site is optimized with the Yoast SEO plugin v23.5 - https:\/\/yoast.com\/wordpress\/plugins\/seo\/ -->\n<title>Porady on-line - Kancelaria Adwokacka Anita Jamr\u00f3z<\/title>\n<meta name=\"description\" content=\"Skorzystaj z porady prawnej online \u2013 wygodna i bezpieczna konsultacja bez wychodzenia z domu. Um\u00f3w si\u0119 z prawnikiem zdalnie ju\u017c dzi\u015b.\" \/>\n<meta name=\"robots\" content=\"index, follow, max-snippet:-1, max-image-preview:large, max-video-preview:-1\" \/>\n<link rel=\"canonical\" href=\"https:\/\/jamroz-kancelaria.pl\/?page_id=351\" \/>\n<meta property=\"og:locale\" content=\"pl_PL\" \/>\n<meta property=\"og:type\" content=\"article\" \/>\n<meta property=\"og:title\" content=\"Porady on-line - Kancelaria Adwokacka Anita Jamr\u00f3z\" \/>\n<meta property=\"og:description\" content=\"Skorzystaj z porady prawnej online \u2013 wygodna i bezpieczna konsultacja bez wychodzenia z domu. Um\u00f3w si\u0119 z prawnikiem zdalnie ju\u017c dzi\u015b.\" \/>\n<meta property=\"og:url\" content=\"https:\/\/jamroz-kancelaria.pl\/?page_id=351\" \/>\n<meta property=\"og:site_name\" content=\"Kancelaria Adwokacka Anita Jamr\u00f3z\" \/>\n<meta property=\"article:modified_time\" content=\"2025-05-07T16:46:22+00:00\" \/>\n<meta name=\"twitter:card\" content=\"summary_large_image\" \/>\n<meta name=\"twitter:label1\" content=\"Szacowany czas czytania\" \/>\n\t<meta name=\"twitter:data1\" content=\"1 minuta\" \/>\n<script type=\"application\/ld+json\" class=\"yoast-schema-graph\">{\"@context\":\"https:\/\/schema.org\",\"@graph\":[{\"@type\":\"WebPage\",\"@id\":\"https:\/\/jamroz-kancelaria.pl\/?page_id=351\",\"url\":\"https:\/\/jamroz-kancelaria.pl\/?page_id=351\",\"name\":\"Porady on-line - Kancelaria Adwokacka Anita Jamr\u00f3z\",\"isPartOf\":{\"@id\":\"https:\/\/jamroz-kancelaria.pl\/#website\"},\"datePublished\":\"2025-05-07T15:53:06+00:00\",\"dateModified\":\"2025-05-07T16:46:22+00:00\",\"description\":\"Skorzystaj z porady prawnej online \u2013 wygodna i bezpieczna konsultacja bez wychodzenia z domu. Um\u00f3w si\u0119 z prawnikiem zdalnie ju\u017c dzi\u015b.\",\"breadcrumb\":{\"@id\":\"https:\/\/jamroz-kancelaria.pl\/?page_id=351#breadcrumb\"},\"inLanguage\":\"pl-PL\",\"potentialAction\":[{\"@type\":\"ReadAction\",\"target\":[\"https:\/\/jamroz-kancelaria.pl\/?page_id=351\"]}]},{\"@type\":\"BreadcrumbList\",\"@id\":\"https:\/\/jamroz-kancelaria.pl\/?page_id=351#breadcrumb\",\"itemListElement\":[{\"@type\":\"ListItem\",\"position\":1,\"name\":\"Strona g\u0142\u00f3wna\",\"item\":\"https:\/\/jamroz-kancelaria.pl\/\"},{\"@type\":\"ListItem\",\"position\":2,\"name\":\"Porady on-line\"}]},{\"@type\":\"WebSite\",\"@id\":\"https:\/\/jamroz-kancelaria.pl\/#website\",\"url\":\"https:\/\/jamroz-kancelaria.pl\/\",\"name\":\"Kancelaria Adwokacka Anita Jamr\u00f3z\",\"description\":\"Kancelaria Adwokacka Anita Jamr\u00f3z\",\"publisher\":{\"@id\":\"https:\/\/jamroz-kancelaria.pl\/#organization\"},\"potentialAction\":[{\"@type\":\"SearchAction\",\"target\":{\"@type\":\"EntryPoint\",\"urlTemplate\":\"https:\/\/jamroz-kancelaria.pl\/?s={search_term_string}\"},\"query-input\":{\"@type\":\"PropertyValueSpecification\",\"valueRequired\":true,\"valueName\":\"search_term_string\"}}],\"inLanguage\":\"pl-PL\"},{\"@type\":\"Organization\",\"@id\":\"https:\/\/jamroz-kancelaria.pl\/#organization\",\"name\":\"Kancelaria Adwokacka Anita Jamr\u00f3z\",\"url\":\"https:\/\/jamroz-kancelaria.pl\/\",\"logo\":{\"@type\":\"ImageObject\",\"inLanguage\":\"pl-PL\",\"@id\":\"https:\/\/jamroz-kancelaria.pl\/#\/schema\/logo\/image\/\",\"url\":\"https:\/\/jamroz-kancelaria.pl\/wp-content\/uploads\/2025\/01\/cropped-aj-logo-gold_small-removebg-preview.png\",\"contentUrl\":\"https:\/\/jamroz-kancelaria.pl\/wp-content\/uploads\/2025\/01\/cropped-aj-logo-gold_small-removebg-preview.png\",\"width\":102,\"height\":132,\"caption\":\"Kancelaria Adwokacka Anita Jamr\u00f3z\"},\"image\":{\"@id\":\"https:\/\/jamroz-kancelaria.pl\/#\/schema\/logo\/image\/\"}}]}<\/script>\n<!-- \/ Yoast SEO plugin. -->","yoast_head_json":{"title":"Porady on-line - Kancelaria Adwokacka Anita Jamr\u00f3z","description":"Skorzystaj z porady prawnej online \u2013 wygodna i bezpieczna konsultacja bez wychodzenia z domu. Um\u00f3w si\u0119 z prawnikiem zdalnie ju\u017c dzi\u015b.","robots":{"index":"index","follow":"follow","max-snippet":"max-snippet:-1","max-image-preview":"max-image-preview:large","max-video-preview":"max-video-preview:-1"},"canonical":"https:\/\/jamroz-kancelaria.pl\/?page_id=351","og_locale":"pl_PL","og_type":"article","og_title":"Porady on-line - Kancelaria Adwokacka Anita Jamr\u00f3z","og_description":"Skorzystaj z porady prawnej online \u2013 wygodna i bezpieczna konsultacja bez wychodzenia z domu. Um\u00f3w si\u0119 z prawnikiem zdalnie ju\u017c dzi\u015b.","og_url":"https:\/\/jamroz-kancelaria.pl\/?page_id=351","og_site_name":"Kancelaria Adwokacka Anita Jamr\u00f3z","article_modified_time":"2025-05-07T16:46:22+00:00","twitter_card":"summary_large_image","twitter_misc":{"Szacowany czas czytania":"1 minuta"},"schema":{"@context":"https:\/\/schema.org","@graph":[{"@type":"WebPage","@id":"https:\/\/jamroz-kancelaria.pl\/?page_id=351","url":"https:\/\/jamroz-kancelaria.pl\/?page_id=351","name":"Porady on-line - Kancelaria Adwokacka Anita Jamr\u00f3z","isPartOf":{"@id":"https:\/\/jamroz-kancelaria.pl\/#website"},"datePublished":"2025-05-07T15:53:06+00:00","dateModified":"2025-05-07T16:46:22+00:00","description":"Skorzystaj z porady prawnej online \u2013 wygodna i bezpieczna konsultacja bez wychodzenia z domu. Um\u00f3w si\u0119 z prawnikiem zdalnie ju\u017c dzi\u015b.","breadcrumb":{"@id":"https:\/\/jamroz-kancelaria.pl\/?page_id=351#breadcrumb"},"inLanguage":"pl-PL","potentialAction":[{"@type":"ReadAction","target":["https:\/\/jamroz-kancelaria.pl\/?page_id=351"]}]},{"@type":"BreadcrumbList","@id":"https:\/\/jamroz-kancelaria.pl\/?page_id=351#breadcrumb","itemListElement":[{"@type":"ListItem","position":1,"name":"Strona g\u0142\u00f3wna","item":"https:\/\/jamroz-kancelaria.pl\/"},{"@type":"ListItem","position":2,"name":"Porady on-line"}]},{"@type":"WebSite","@id":"https:\/\/jamroz-kancelaria.pl\/#website","url":"https:\/\/jamroz-kancelaria.pl\/","name":"Kancelaria Adwokacka Anita Jamr\u00f3z","description":"Kancelaria Adwokacka Anita Jamr\u00f3z","publisher":{"@id":"https:\/\/jamroz-kancelaria.pl\/#organization"},"potentialAction":[{"@type":"SearchAction","target":{"@type":"EntryPoint","urlTemplate":"https:\/\/jamroz-kancelaria.pl\/?s={search_term_string}"},"query-input":{"@type":"PropertyValueSpecification","valueRequired":true,"valueName":"search_term_string"}}],"inLanguage":"pl-PL"},{"@type":"Organization","@id":"https:\/\/jamroz-kancelaria.pl\/#organization","name":"Kancelaria Adwokacka Anita Jamr\u00f3z","url":"https:\/\/jamroz-kancelaria.pl\/","logo":{"@type":"ImageObject","inLanguage":"pl-PL","@id":"https:\/\/jamroz-kancelaria.pl\/#\/schema\/logo\/image\/","url":"https:\/\/jamroz-kancelaria.pl\/wp-content\/uploads\/2025\/01\/cropped-aj-logo-gold_small-removebg-preview.png","contentUrl":"https:\/\/jamroz-kancelaria.pl\/wp-content\/uploads\/2025\/01\/cropped-aj-logo-gold_small-removebg-preview.png","width":102,"height":132,"caption":"Kancelaria Adwokacka Anita Jamr\u00f3z"},"image":{"@id":"https:\/\/jamroz-kancelaria.pl\/#\/schema\/logo\/image\/"}}]}},"_links":{"self":[{"href":"https:\/\/jamroz-kancelaria.pl\/index.php?rest_route=\/wp\/v2\/pages\/351"}],"collection":[{"href":"https:\/\/jamroz-kancelaria.pl\/index.php?rest_route=\/wp\/v2\/pages"}],"about":[{"href":"https:\/\/jamroz-kancelaria.pl\/index.php?rest_route=\/wp\/v2\/types\/page"}],"author":[{"embeddable":true,"href":"https:\/\/jamroz-kancelaria.pl\/index.php?rest_route=\/wp\/v2\/users\/1"}],"replies":[{"embeddable":true,"href":"https:\/\/jamroz-kancelaria.pl\/index.php?rest_route=%2Fwp%2Fv2%2Fcomments&post=351"}],"version-history":[{"count":6,"href":"https:\/\/jamroz-kancelaria.pl\/index.php?rest_route=\/wp\/v2\/pages\/351\/revisions"}],"predecessor-version":[{"id":360,"href":"https:\/\/jamroz-kancelaria.pl\/index.php?rest_route=\/wp\/v2\/pages\/351\/revisions\/360"}],"wp:attachment":[{"href":"https:\/\/jamroz-kancelaria.pl\/index.php?rest_route=%2Fwp%2Fv2%2Fmedia&parent=351"}],"curies":[{"name":"wp","href":"https:\/\/api.w.org\/{rel}","templated":true}]}}