{"id":3,"date":"2023-01-05T17:47:17","date_gmt":"2023-01-05T17:47:17","guid":{"rendered":"http:\/\/jamroz-kancelaria.pl\/?page_id=3"},"modified":"2023-11-19T19:24:17","modified_gmt":"2023-11-19T19:24:17","slug":"obszar-dzialalnosci","status":"publish","type":"page","link":"https:\/\/jamroz-kancelaria.pl\/?page_id=3","title":{"rendered":"Obszar dzia\u0142alno\u015bci"},"content":{"rendered":"\n<div class=\"wp-block-columns is-layout-flex wp-container-core-columns-layout-1 wp-block-columns-is-layout-flex\">\n<div class=\"wp-block-column is-layout-flow wp-block-column-is-layout-flow\" style=\"flex-basis:100%\">\n<div id=\"wp-block-themeisle-blocks-advanced-columns-0263d647\" class=\"wp-block-themeisle-blocks-advanced-columns has-1-columns has-desktop-equal-layout has-tablet-equal-layout has-mobile-collapsedRows-layout has-vertical-unset\"><div class=\"wp-block-themeisle-blocks-advanced-columns-overlay\"><\/div><div class=\"innerblocks-wrap\">\n<div id=\"wp-block-themeisle-blocks-advanced-column-aad5117f\" class=\"wp-block-themeisle-blocks-advanced-column\">\n<p>\u015awiadcz\u0119 pomoc prawn\u0105 na terenie ca\u0142ej Polski, w szczeg\u00f3lno\u015bci na terenie miasta Wroc\u0142awia i okolicznych powiat\u00f3w:<\/p>\n\n\n\n<ul>\n<li>wroc\u0142awskiego \u2013 K\u0105ty Wroc\u0142awskie, Bielany Wroc\u0142awskie, Kobierzyce,\u00a0<\/li>\n\n\n\n<li>\u015bredzkiego \u2013 Lutynia, Mi\u0119kinia, Wilkszyn, \u015aroda \u015al\u0105ska,\u00a0\u00a0<\/li>\n\n\n\n<li>wo\u0142owskiego w szczeg\u00f3lno\u015bci w okolicach Brzegu Dolnego i Wo\u0142owa,\u00a0<\/li>\n\n\n\n<li>trzebnickiego,\u00a0<\/li>\n\n\n\n<li>o\u0142awskiego,\u00a0<\/li>\n\n\n\n<li>ole\u015bnickiego.\u00a0<\/li>\n<\/ul>\n<\/div>\n<\/div><\/div>\n<\/div>\n<\/div>\n","protected":false},"excerpt":{"rendered":"","protected":false},"author":2,"featured_media":0,"parent":0,"menu_order":0,"comment_status":"closed","ping_status":"open","template":"","meta":{"_themeisle_gutenberg_block_has_review":false,"footnotes":""},"yoast_head":"<!-- This site is optimized with the Yoast SEO plugin v23.5 - https:\/\/yoast.com\/wordpress\/plugins\/seo\/ -->\n<title>Obszar dzia\u0142alno\u015bci - Kancelaria Adwokacka Anita Jamr\u00f3z<\/title>\n<meta name=\"description\" content=\"Obszar dzia\u0142alno\u015bci kancelarii obejmuje ca\u0142\u0105 Polsk\u0119, w szczeg\u00f3lno\u015bci za\u015b miasto Wroc\u0142aw i okoliczne powiaty.\" \/>\n<meta name=\"robots\" content=\"index, follow, max-snippet:-1, max-image-preview:large, max-video-preview:-1\" \/>\n<link rel=\"canonical\" href=\"https:\/\/jamroz-kancelaria.pl\/?page_id=3\" \/>\n<meta property=\"og:locale\" content=\"pl_PL\" \/>\n<meta property=\"og:type\" content=\"article\" \/>\n<meta property=\"og:title\" content=\"Obszar dzia\u0142alno\u015bci - Kancelaria Adwokacka Anita Jamr\u00f3z\" \/>\n<meta property=\"og:description\" content=\"Obszar dzia\u0142alno\u015bci kancelarii obejmuje ca\u0142\u0105 Polsk\u0119, w szczeg\u00f3lno\u015bci za\u015b miasto Wroc\u0142aw i okoliczne powiaty.\" \/>\n<meta property=\"og:url\" content=\"https:\/\/jamroz-kancelaria.pl\/?page_id=3\" \/>\n<meta property=\"og:site_name\" content=\"Kancelaria Adwokacka Anita Jamr\u00f3z\" \/>\n<meta property=\"article:modified_time\" content=\"2023-11-19T19:24:17+00:00\" \/>\n<meta name=\"twitter:card\" content=\"summary_large_image\" \/>\n<meta name=\"twitter:label1\" content=\"Szacowany czas czytania\" \/>\n\t<meta name=\"twitter:data1\" content=\"1 minuta\" \/>\n<script type=\"application\/ld+json\" class=\"yoast-schema-graph\">{\"@context\":\"https:\/\/schema.org\",\"@graph\":[{\"@type\":\"WebPage\",\"@id\":\"https:\/\/jamroz-kancelaria.pl\/?page_id=3\",\"url\":\"https:\/\/jamroz-kancelaria.pl\/?page_id=3\",\"name\":\"Obszar dzia\u0142alno\u015bci - Kancelaria Adwokacka Anita Jamr\u00f3z\",\"isPartOf\":{\"@id\":\"https:\/\/jamroz-kancelaria.pl\/#website\"},\"datePublished\":\"2023-01-05T17:47:17+00:00\",\"dateModified\":\"2023-11-19T19:24:17+00:00\",\"description\":\"Obszar dzia\u0142alno\u015bci kancelarii obejmuje ca\u0142\u0105 Polsk\u0119, w szczeg\u00f3lno\u015bci za\u015b miasto Wroc\u0142aw i okoliczne powiaty.\",\"breadcrumb\":{\"@id\":\"https:\/\/jamroz-kancelaria.pl\/?page_id=3#breadcrumb\"},\"inLanguage\":\"pl-PL\",\"potentialAction\":[{\"@type\":\"ReadAction\",\"target\":[\"https:\/\/jamroz-kancelaria.pl\/?page_id=3\"]}]},{\"@type\":\"BreadcrumbList\",\"@id\":\"https:\/\/jamroz-kancelaria.pl\/?page_id=3#breadcrumb\",\"itemListElement\":[{\"@type\":\"ListItem\",\"position\":1,\"name\":\"Strona g\u0142\u00f3wna\",\"item\":\"https:\/\/jamroz-kancelaria.pl\/\"},{\"@type\":\"ListItem\",\"position\":2,\"name\":\"Obszar dzia\u0142alno\u015bci\"}]},{\"@type\":\"WebSite\",\"@id\":\"https:\/\/jamroz-kancelaria.pl\/#website\",\"url\":\"https:\/\/jamroz-kancelaria.pl\/\",\"name\":\"Kancelaria Adwokacka Anita Jamr\u00f3z\",\"description\":\"Kancelaria Adwokacka Anita Jamr\u00f3z\",\"publisher\":{\"@id\":\"https:\/\/jamroz-kancelaria.pl\/#organization\"},\"potentialAction\":[{\"@type\":\"SearchAction\",\"target\":{\"@type\":\"EntryPoint\",\"urlTemplate\":\"https:\/\/jamroz-kancelaria.pl\/?s={search_term_string}\"},\"query-input\":{\"@type\":\"PropertyValueSpecification\",\"valueRequired\":true,\"valueName\":\"search_term_string\"}}],\"inLanguage\":\"pl-PL\"},{\"@type\":\"Organization\",\"@id\":\"https:\/\/jamroz-kancelaria.pl\/#organization\",\"name\":\"Kancelaria Adwokacka Anita Jamr\u00f3z\",\"url\":\"https:\/\/jamroz-kancelaria.pl\/\",\"logo\":{\"@type\":\"ImageObject\",\"inLanguage\":\"pl-PL\",\"@id\":\"https:\/\/jamroz-kancelaria.pl\/#\/schema\/logo\/image\/\",\"url\":\"https:\/\/jamroz-kancelaria.pl\/wp-content\/uploads\/2025\/01\/cropped-aj-logo-gold_small-removebg-preview.png\",\"contentUrl\":\"https:\/\/jamroz-kancelaria.pl\/wp-content\/uploads\/2025\/01\/cropped-aj-logo-gold_small-removebg-preview.png\",\"width\":102,\"height\":132,\"caption\":\"Kancelaria Adwokacka Anita Jamr\u00f3z\"},\"image\":{\"@id\":\"https:\/\/jamroz-kancelaria.pl\/#\/schema\/logo\/image\/\"}}]}<\/script>\n<!-- \/ Yoast SEO plugin. -->","yoast_head_json":{"title":"Obszar dzia\u0142alno\u015bci - Kancelaria Adwokacka Anita Jamr\u00f3z","description":"Obszar dzia\u0142alno\u015bci kancelarii obejmuje ca\u0142\u0105 Polsk\u0119, w szczeg\u00f3lno\u015bci za\u015b miasto Wroc\u0142aw i okoliczne powiaty.","robots":{"index":"index","follow":"follow","max-snippet":"max-snippet:-1","max-image-preview":"max-image-preview:large","max-video-preview":"max-video-preview:-1"},"canonical":"https:\/\/jamroz-kancelaria.pl\/?page_id=3","og_locale":"pl_PL","og_type":"article","og_title":"Obszar dzia\u0142alno\u015bci - Kancelaria Adwokacka Anita Jamr\u00f3z","og_description":"Obszar dzia\u0142alno\u015bci kancelarii obejmuje ca\u0142\u0105 Polsk\u0119, w szczeg\u00f3lno\u015bci za\u015b miasto Wroc\u0142aw i okoliczne powiaty.","og_url":"https:\/\/jamroz-kancelaria.pl\/?page_id=3","og_site_name":"Kancelaria Adwokacka Anita Jamr\u00f3z","article_modified_time":"2023-11-19T19:24:17+00:00","twitter_card":"summary_large_image","twitter_misc":{"Szacowany czas czytania":"1 minuta"},"schema":{"@context":"https:\/\/schema.org","@graph":[{"@type":"WebPage","@id":"https:\/\/jamroz-kancelaria.pl\/?page_id=3","url":"https:\/\/jamroz-kancelaria.pl\/?page_id=3","name":"Obszar dzia\u0142alno\u015bci - Kancelaria Adwokacka Anita Jamr\u00f3z","isPartOf":{"@id":"https:\/\/jamroz-kancelaria.pl\/#website"},"datePublished":"2023-01-05T17:47:17+00:00","dateModified":"2023-11-19T19:24:17+00:00","description":"Obszar dzia\u0142alno\u015bci kancelarii obejmuje ca\u0142\u0105 Polsk\u0119, w szczeg\u00f3lno\u015bci za\u015b miasto Wroc\u0142aw i okoliczne powiaty.","breadcrumb":{"@id":"https:\/\/jamroz-kancelaria.pl\/?page_id=3#breadcrumb"},"inLanguage":"pl-PL","potentialAction":[{"@type":"ReadAction","target":["https:\/\/jamroz-kancelaria.pl\/?page_id=3"]}]},{"@type":"BreadcrumbList","@id":"https:\/\/jamroz-kancelaria.pl\/?page_id=3#breadcrumb","itemListElement":[{"@type":"ListItem","position":1,"name":"Strona g\u0142\u00f3wna","item":"https:\/\/jamroz-kancelaria.pl\/"},{"@type":"ListItem","position":2,"name":"Obszar dzia\u0142alno\u015bci"}]},{"@type":"WebSite","@id":"https:\/\/jamroz-kancelaria.pl\/#website","url":"https:\/\/jamroz-kancelaria.pl\/","name":"Kancelaria Adwokacka Anita Jamr\u00f3z","description":"Kancelaria Adwokacka Anita Jamr\u00f3z","publisher":{"@id":"https:\/\/jamroz-kancelaria.pl\/#organization"},"potentialAction":[{"@type":"SearchAction","target":{"@type":"EntryPoint","urlTemplate":"https:\/\/jamroz-kancelaria.pl\/?s={search_term_string}"},"query-input":{"@type":"PropertyValueSpecification","valueRequired":true,"valueName":"search_term_string"}}],"inLanguage":"pl-PL"},{"@type":"Organization","@id":"https:\/\/jamroz-kancelaria.pl\/#organization","name":"Kancelaria Adwokacka Anita Jamr\u00f3z","url":"https:\/\/jamroz-kancelaria.pl\/","logo":{"@type":"ImageObject","inLanguage":"pl-PL","@id":"https:\/\/jamroz-kancelaria.pl\/#\/schema\/logo\/image\/","url":"https:\/\/jamroz-kancelaria.pl\/wp-content\/uploads\/2025\/01\/cropped-aj-logo-gold_small-removebg-preview.png","contentUrl":"https:\/\/jamroz-kancelaria.pl\/wp-content\/uploads\/2025\/01\/cropped-aj-logo-gold_small-removebg-preview.png","width":102,"height":132,"caption":"Kancelaria Adwokacka Anita Jamr\u00f3z"},"image":{"@id":"https:\/\/jamroz-kancelaria.pl\/#\/schema\/logo\/image\/"}}]}},"_links":{"self":[{"href":"https:\/\/jamroz-kancelaria.pl\/index.php?rest_route=\/wp\/v2\/pages\/3"}],"collection":[{"href":"https:\/\/jamroz-kancelaria.pl\/index.php?rest_route=\/wp\/v2\/pages"}],"about":[{"href":"https:\/\/jamroz-kancelaria.pl\/index.php?rest_route=\/wp\/v2\/types\/page"}],"author":[{"embeddable":true,"href":"https:\/\/jamroz-kancelaria.pl\/index.php?rest_route=\/wp\/v2\/users\/2"}],"replies":[{"embeddable":true,"href":"https:\/\/jamroz-kancelaria.pl\/index.php?rest_route=%2Fwp%2Fv2%2Fcomments&post=3"}],"version-history":[{"count":6,"href":"https:\/\/jamroz-kancelaria.pl\/index.php?rest_route=\/wp\/v2\/pages\/3\/revisions"}],"predecessor-version":[{"id":240,"href":"https:\/\/jamroz-kancelaria.pl\/index.php?rest_route=\/wp\/v2\/pages\/3\/revisions\/240"}],"wp:attachment":[{"href":"https:\/\/jamroz-kancelaria.pl\/index.php?rest_route=%2Fwp%2Fv2%2Fmedia&parent=3"}],"curies":[{"name":"wp","href":"https:\/\/api.w.org\/{rel}","templated":true}]}}