{"id":2,"date":"2023-01-05T17:47:17","date_gmt":"2023-01-05T17:47:17","guid":{"rendered":"http:\/\/jamroz-kancelaria.pl\/?page_id=2"},"modified":"2023-11-24T17:26:20","modified_gmt":"2023-11-24T17:26:20","slug":"zakres-uslug-prowadzenie-sprawy","status":"publish","type":"page","link":"https:\/\/jamroz-kancelaria.pl\/?page_id=2","title":{"rendered":"Zakres spraw"},"content":{"rendered":"\n<p>Zakres us\u0142ug kancelarii obejmuje organizacje szkole\u0144 i prowadzenie spraw:<\/p>\n\n\n\n<div class=\"wp-block-columns is-layout-flex wp-container-core-columns-layout-1 wp-block-columns-is-layout-flex\">\n<div class=\"wp-block-column is-layout-flow wp-block-column-is-layout-flow\"><div class=\"wp-block-image\">\n<figure class=\"aligncenter size-full is-resized\"><img loading=\"lazy\" decoding=\"async\" width=\"64\" height=\"64\" src=\"https:\/\/jamroz-kancelaria.pl\/wp-content\/uploads\/2023\/09\/icons8-weight-care-64.png\" alt=\"sprawy karne\" class=\"wp-image-136\" style=\"object-fit:cover;width:55px;height:55px\"\/><\/figure><\/div>\n\n\n<p><\/p>\n\n\n\n<p><\/p>\n\n\n\n<h5 class=\"wp-block-heading\"><strong>karnych, spraw o wykroczenia i spraw dyscyplinarnych, a zw\u0142aszcza:\u00a0<\/strong><\/h5>\n\n\n\n<ul>\n<li>obrona na etapie post\u0119powania przygotowawczego i s\u0105dowego,\u00a0<\/li>\n\n\n\n<li>reprezentacja pokrzywdzonego na etapie post\u0119powania przygotowawczego, jak i przed s\u0105dem, w charakterze pe\u0142nomocnika oskar\u017cyciela posi\u0142kowego,\u00a0<\/li>\n\n\n\n<li>\u00a0odroczenie lub przerwa w wykonywaniu kary oraz doz\u00f3r elektroniczny,\u00a0<\/li>\n\n\n\n<li>warunkowe przedterminowe zwolnienie,\u00a0<\/li>\n\n\n\n<li>zatarcie skazania lub ukarania,\u00a0<\/li>\n\n\n\n<li>odszkodowanie za oczywi\u015bcie\u00a0 nies\u0142uszne skazanie lub ukaranie, aresztowanie lub zatrzymanie,\u00a0<\/li>\n\n\n\n<li>reprezentacja os\u00f3b, wobec kt\u00f3rych toczone s\u0105 post\u0119powania dyscyplinarne (w szczeg\u00f3lno\u015bci w oparciu o Kart\u0119 Nauczyciela, ustaw\u0119 o Policji).<\/li>\n<\/ul>\n<\/div>\n\n\n\n<div class=\"wp-block-column is-layout-flow wp-block-column-is-layout-flow\"><div class=\"wp-block-image\">\n<figure class=\"aligncenter size-full is-resized\"><img loading=\"lazy\" decoding=\"async\" width=\"64\" height=\"64\" src=\"https:\/\/jamroz-kancelaria.pl\/wp-content\/uploads\/2023\/09\/icons8-house-64.png\" alt=\"sprawy cywilne\" class=\"wp-image-137\" style=\"object-fit:cover;width:55px;height:55px\"\/><\/figure><\/div>\n\n\n<p><\/p>\n\n\n\n<p><\/p>\n\n\n\n<h5 class=\"wp-block-heading\"><strong>cywilnych, w tym przede wszystkim prowadzenie spraw:\u00a0<\/strong><\/h5>\n\n\n\n<ul>\n<li>o stwierdzenie zasiedzenia nieruchomo\u015bci,\u00a0\u00a0<\/li>\n\n\n\n<li>o ustanowienie s\u0142u\u017cebno\u015bci,\u00a0<\/li>\n\n\n\n<li>o powstrzymanie si\u0119 od dzia\u0142a\u0144 zak\u0142\u00f3caj\u0105cych korzystanie z nieruchomo\u015bci s\u0105siednich ponad przeci\u0119tn\u0105 miar\u0119 (zaprzestanie immisji s\u0105siedzkich),\u00a0<\/li>\n\n\n\n<li>o uchylenie si\u0119 od skutk\u00f3w prawnych z\u0142o\u017conego o\u015bwiadczenia woli,\u00a0<\/li>\n\n\n\n<li>o opr\u00f3\u017cnienie i opuszczenie lokalu,\u00a0<\/li>\n\n\n\n<li>o uznanie umowy za bezskuteczn\u0105,\u00a0<\/li>\n\n\n\n<li>o stwierdzenie nabycia spadku, dzia\u0142 spadku,\u00a0<\/li>\n\n\n\n<li>odszkodowanie, zado\u015b\u0107uczynienie i renty z tytu\u0142u wypadk\u00f3w losowych,\u00a0<\/li>\n\n\n\n<li>odpowiedzialno\u015b\u0107 z tytu\u0142u wykonania i niewykonania zobowi\u0105zania, w tym sprawy o zap\u0142at\u0119,\u00a0<\/li>\n\n\n\n<li>sporz\u0105dzanie i opiniowanie um\u00f3w,<\/li>\n\n\n\n<li>dochodzenie roszcze\u0144 m.in. o: zap\u0142at\u0119, wykonanie zobowi\u0105zania, wydanie rzeczy, czy zawarcie umowy przyrzeczonej.\u00a0\u00a0<\/li>\n\n\n\n<li>w zakresie prawa rzeczowego (naruszenie posiadania, zniesienie wsp\u00f3\u0142w\u0142asno\u015bci, zasiedzenie)\u00a0<\/li>\n\n\n\n<li>sprawy spadkowe (stwierdzenie nabycia spadku, dzia\u0142 spadku, zachowek)\u00a0<\/li>\n\n\n\n<li>ubezw\u0142asnowolnienie ca\u0142kowite\/ cz\u0119\u015bciowe,\u00a0<\/li>\n\n\n\n<li>z zakresu naruszenia d\u00f3br osobistych,\u00a0<\/li>\n\n\n\n<li>odszkodowania i zado\u015b\u0107uczynienia za szkod\u0119 i krzywd\u0119 wynik\u0142\u0105 z niew\u0105tpliwie nies\u0142usznego oskar\u017cenia lub przedstawienia zarzut\u00f3w,\u00a0<\/li>\n\n\n\n<li>egzekucji wierzytelno\u015bci.\u00a0<\/li>\n<\/ul>\n<\/div>\n<\/div>\n\n\n\n<div class=\"wp-block-columns is-layout-flex wp-container-core-columns-layout-2 wp-block-columns-is-layout-flex\">\n<div class=\"wp-block-column is-layout-flow wp-block-column-is-layout-flow\"><div class=\"wp-block-image is-style-default\">\n<figure class=\"aligncenter size-full is-resized\"><img loading=\"lazy\" decoding=\"async\" width=\"64\" height=\"64\" src=\"https:\/\/jamroz-kancelaria.pl\/wp-content\/uploads\/2023\/09\/icons8-family-64-1.png\" alt=\"sprawy rodzinne\" class=\"wp-image-132\" style=\"object-fit:cover;width:55px;height:55px\"\/><\/figure><\/div>\n\n\n<p><\/p>\n\n\n\n<p><\/p>\n\n\n\n<h5 class=\"wp-block-heading\"><strong>rodzinnych\u00a0i opieku\u0144czych, w tym w szczeg\u00f3lno\u015bci prowadzenie spraw o:\u00a0<\/strong><\/h5>\n\n\n\n<ul>\n<li>rozw\u00f3d\/separacje,\u00a0<\/li>\n\n\n\n<li>ustalenie, zniesienie, podwy\u017cszenie, obni\u017cenie aliment\u00f3w,\u00a0<\/li>\n\n\n\n<li>pozbawienie, ograniczenie, zawieszenie lub przywr\u00f3cenie w\u0142adzy rodzicielskiej,\u00a0<\/li>\n\n\n\n<li>ustalenie miejsca pobytu ma\u0142oletniego\u00a0<\/li>\n\n\n\n<li>kontakty z ma\u0142oletnim,\u00a0<\/li>\n\n\n\n<li>podzia\u0142 maj\u0105tku, rozliczenie nak\u0142ad\u00f3w,\u00a0<\/li>\n\n\n\n<li>ustanowienie rozdzielno\u015bci maj\u0105tkowej,\u00a0<\/li>\n\n\n\n<li>udzielenie zezwolenia na dokonanie czynno\u015bci prawnej przekraczaj\u0105cej zakres zwyk\u0142ego zarz\u0105du maj\u0105tkiem ma\u0142oletniego.\u00a0<\/li>\n<\/ul>\n<\/div>\n\n\n\n<div class=\"wp-block-column is-layout-flow wp-block-column-is-layout-flow\"><div class=\"wp-block-image is-style-default\">\n<figure class=\"aligncenter size-full is-resized\"><img loading=\"lazy\" decoding=\"async\" width=\"64\" height=\"64\" src=\"https:\/\/jamroz-kancelaria.pl\/wp-content\/uploads\/2023\/09\/icons8-business-group-64.png\" alt=\"sprawy prawa pracy\" class=\"wp-image-134\" style=\"object-fit:cover;width:55px;height:55px\"\/><\/figure><\/div>\n\n\n<p><\/p>\n\n\n\n<p><\/p>\n\n\n\n<h5 class=\"wp-block-heading\"><strong>z zakresu prawa pracy, w tym g\u0142\u00f3wnie:<\/strong><\/h5>\n\n\n\n<ul>\n<li>o ustalenie stosunku pracy,\u00a0\u00a0<\/li>\n\n\n\n<li>o uznanie wypowiedzenia umowy o prac\u0119 za bezskuteczne,\u00a0\u00a0<\/li>\n\n\n\n<li>o przywr\u00f3cenie do pracy,\u00a0<\/li>\n\n\n\n<li>o wynagrodzenie za prac\u0119,\u00a0<\/li>\n\n\n\n<li>o odszkodowanie za wypadek przy pracy, w drodze do i z pracy.<\/li>\n<\/ul>\n<\/div>\n<\/div>\n\n\n\n<div class=\"wp-block-columns is-layout-flex wp-container-core-columns-layout-3 wp-block-columns-is-layout-flex\">\n<div class=\"wp-block-column is-layout-flow wp-block-column-is-layout-flow\"><div class=\"wp-block-image\">\n<figure class=\"aligncenter size-full is-resized\"><img loading=\"lazy\" decoding=\"async\" width=\"64\" height=\"64\" src=\"https:\/\/jamroz-kancelaria.pl\/wp-content\/uploads\/2023\/09\/icons8-headquarters-64.png\" alt=\"sprawy administracyjne\" class=\"wp-image-135\" style=\"object-fit:cover;width:55px;height:55px\"\/><\/figure><\/div>\n\n\n<p><\/p>\n\n\n\n<p><\/p>\n\n\n\n<h5 class=\"wp-block-heading\"><strong>administracyjnych, w szczeg\u00f3lno\u015bci w przedmiocie<\/strong>:<\/h5>\n\n\n\n<p>wyw\u0142aszczenia nieruchomo\u015bci tj. odszkodowania za wyw\u0142aszczon\u0105 nieruchomo\u015b\u0107, czy zwrot wyw\u0142aszczonej nieruchomo\u015bci.\u00a0<\/p>\n<\/div>\n\n\n\n<div class=\"wp-block-column is-layout-flow wp-block-column-is-layout-flow\"><\/div>\n<\/div>\n","protected":false},"excerpt":{"rendered":"<p>Zakres us\u0142ug kancelarii obejmuje organizacje szkole\u0144 i prowadzenie spraw: karnych, spraw o wykroczenia i spraw dyscyplinarnych, a zw\u0142aszcza:\u00a0 cywilnych, w tym przede wszystkim prowadzenie spraw:\u00a0 rodzinnych\u00a0i opieku\u0144czych, w tym w szczeg\u00f3lno\u015bci prowadzenie spraw o:\u00a0 z zakresu prawa pracy, w tym g\u0142\u00f3wnie: administracyjnych, w szczeg\u00f3lno\u015bci w&nbsp;<a class=\"read-more\" href=\"https:\/\/jamroz-kancelaria.pl\/?page_id=2\">&hellip;<\/a><\/p>\n","protected":false},"author":1,"featured_media":0,"parent":0,"menu_order":0,"comment_status":"closed","ping_status":"open","template":"","meta":{"_themeisle_gutenberg_block_has_review":false,"footnotes":""},"yoast_head":"<!-- This site is optimized with the Yoast SEO plugin v23.5 - https:\/\/yoast.com\/wordpress\/plugins\/seo\/ -->\n<title>Zakres spraw - Kancelaria Adwokacka Anita Jamr\u00f3z<\/title>\n<meta name=\"description\" content=\"Zakres us\u0142ug kancelarii obejmuje prowadzenie sprawy z zakresu prawa karnego, cywilnego, rodzinnego, prawa pracy oraz prawa administracyjnego.\" \/>\n<meta name=\"robots\" content=\"index, follow, max-snippet:-1, max-image-preview:large, max-video-preview:-1\" \/>\n<link rel=\"canonical\" href=\"https:\/\/jamroz-kancelaria.pl\/?page_id=2\" \/>\n<meta property=\"og:locale\" content=\"pl_PL\" \/>\n<meta property=\"og:type\" content=\"article\" \/>\n<meta property=\"og:title\" content=\"Zakres spraw - Kancelaria Adwokacka Anita Jamr\u00f3z\" \/>\n<meta property=\"og:description\" content=\"Zakres us\u0142ug kancelarii obejmuje prowadzenie sprawy z zakresu prawa karnego, cywilnego, rodzinnego, prawa pracy oraz prawa administracyjnego.\" \/>\n<meta property=\"og:url\" content=\"https:\/\/jamroz-kancelaria.pl\/?page_id=2\" \/>\n<meta property=\"og:site_name\" content=\"Kancelaria Adwokacka Anita Jamr\u00f3z\" \/>\n<meta property=\"article:modified_time\" content=\"2023-11-24T17:26:20+00:00\" \/>\n<meta property=\"og:image\" content=\"https:\/\/jamroz-kancelaria.pl\/wp-content\/uploads\/2023\/09\/icons8-weight-care-64.png\" \/>\n<meta name=\"twitter:card\" content=\"summary_large_image\" \/>\n<meta name=\"twitter:label1\" content=\"Szacowany czas czytania\" \/>\n\t<meta name=\"twitter:data1\" content=\"3 minuty\" \/>\n<script type=\"application\/ld+json\" class=\"yoast-schema-graph\">{\"@context\":\"https:\/\/schema.org\",\"@graph\":[{\"@type\":\"WebPage\",\"@id\":\"https:\/\/jamroz-kancelaria.pl\/?page_id=2\",\"url\":\"https:\/\/jamroz-kancelaria.pl\/?page_id=2\",\"name\":\"Zakres spraw - Kancelaria Adwokacka Anita Jamr\u00f3z\",\"isPartOf\":{\"@id\":\"https:\/\/jamroz-kancelaria.pl\/#website\"},\"primaryImageOfPage\":{\"@id\":\"https:\/\/jamroz-kancelaria.pl\/?page_id=2#primaryimage\"},\"image\":{\"@id\":\"https:\/\/jamroz-kancelaria.pl\/?page_id=2#primaryimage\"},\"thumbnailUrl\":\"https:\/\/jamroz-kancelaria.pl\/wp-content\/uploads\/2023\/09\/icons8-weight-care-64.png\",\"datePublished\":\"2023-01-05T17:47:17+00:00\",\"dateModified\":\"2023-11-24T17:26:20+00:00\",\"description\":\"Zakres us\u0142ug kancelarii obejmuje prowadzenie sprawy z zakresu prawa karnego, cywilnego, rodzinnego, prawa pracy oraz prawa administracyjnego.\",\"breadcrumb\":{\"@id\":\"https:\/\/jamroz-kancelaria.pl\/?page_id=2#breadcrumb\"},\"inLanguage\":\"pl-PL\",\"potentialAction\":[{\"@type\":\"ReadAction\",\"target\":[\"https:\/\/jamroz-kancelaria.pl\/?page_id=2\"]}]},{\"@type\":\"ImageObject\",\"inLanguage\":\"pl-PL\",\"@id\":\"https:\/\/jamroz-kancelaria.pl\/?page_id=2#primaryimage\",\"url\":\"https:\/\/jamroz-kancelaria.pl\/wp-content\/uploads\/2023\/09\/icons8-weight-care-64.png\",\"contentUrl\":\"https:\/\/jamroz-kancelaria.pl\/wp-content\/uploads\/2023\/09\/icons8-weight-care-64.png\",\"width\":64,\"height\":64},{\"@type\":\"BreadcrumbList\",\"@id\":\"https:\/\/jamroz-kancelaria.pl\/?page_id=2#breadcrumb\",\"itemListElement\":[{\"@type\":\"ListItem\",\"position\":1,\"name\":\"Strona g\u0142\u00f3wna\",\"item\":\"https:\/\/jamroz-kancelaria.pl\/\"},{\"@type\":\"ListItem\",\"position\":2,\"name\":\"Zakres spraw\"}]},{\"@type\":\"WebSite\",\"@id\":\"https:\/\/jamroz-kancelaria.pl\/#website\",\"url\":\"https:\/\/jamroz-kancelaria.pl\/\",\"name\":\"Kancelaria Adwokacka Anita Jamr\u00f3z\",\"description\":\"Kancelaria Adwokacka Anita Jamr\u00f3z\",\"publisher\":{\"@id\":\"https:\/\/jamroz-kancelaria.pl\/#organization\"},\"potentialAction\":[{\"@type\":\"SearchAction\",\"target\":{\"@type\":\"EntryPoint\",\"urlTemplate\":\"https:\/\/jamroz-kancelaria.pl\/?s={search_term_string}\"},\"query-input\":{\"@type\":\"PropertyValueSpecification\",\"valueRequired\":true,\"valueName\":\"search_term_string\"}}],\"inLanguage\":\"pl-PL\"},{\"@type\":\"Organization\",\"@id\":\"https:\/\/jamroz-kancelaria.pl\/#organization\",\"name\":\"Kancelaria Adwokacka Anita Jamr\u00f3z\",\"url\":\"https:\/\/jamroz-kancelaria.pl\/\",\"logo\":{\"@type\":\"ImageObject\",\"inLanguage\":\"pl-PL\",\"@id\":\"https:\/\/jamroz-kancelaria.pl\/#\/schema\/logo\/image\/\",\"url\":\"https:\/\/jamroz-kancelaria.pl\/wp-content\/uploads\/2025\/01\/cropped-aj-logo-gold_small-removebg-preview.png\",\"contentUrl\":\"https:\/\/jamroz-kancelaria.pl\/wp-content\/uploads\/2025\/01\/cropped-aj-logo-gold_small-removebg-preview.png\",\"width\":102,\"height\":132,\"caption\":\"Kancelaria Adwokacka Anita Jamr\u00f3z\"},\"image\":{\"@id\":\"https:\/\/jamroz-kancelaria.pl\/#\/schema\/logo\/image\/\"}}]}<\/script>\n<!-- \/ Yoast SEO plugin. -->","yoast_head_json":{"title":"Zakres spraw - Kancelaria Adwokacka Anita Jamr\u00f3z","description":"Zakres us\u0142ug kancelarii obejmuje prowadzenie sprawy z zakresu prawa karnego, cywilnego, rodzinnego, prawa pracy oraz prawa administracyjnego.","robots":{"index":"index","follow":"follow","max-snippet":"max-snippet:-1","max-image-preview":"max-image-preview:large","max-video-preview":"max-video-preview:-1"},"canonical":"https:\/\/jamroz-kancelaria.pl\/?page_id=2","og_locale":"pl_PL","og_type":"article","og_title":"Zakres spraw - Kancelaria Adwokacka Anita Jamr\u00f3z","og_description":"Zakres us\u0142ug kancelarii obejmuje prowadzenie sprawy z zakresu prawa karnego, cywilnego, rodzinnego, prawa pracy oraz prawa administracyjnego.","og_url":"https:\/\/jamroz-kancelaria.pl\/?page_id=2","og_site_name":"Kancelaria Adwokacka Anita Jamr\u00f3z","article_modified_time":"2023-11-24T17:26:20+00:00","og_image":[{"url":"https:\/\/jamroz-kancelaria.pl\/wp-content\/uploads\/2023\/09\/icons8-weight-care-64.png"}],"twitter_card":"summary_large_image","twitter_misc":{"Szacowany czas czytania":"3 minuty"},"schema":{"@context":"https:\/\/schema.org","@graph":[{"@type":"WebPage","@id":"https:\/\/jamroz-kancelaria.pl\/?page_id=2","url":"https:\/\/jamroz-kancelaria.pl\/?page_id=2","name":"Zakres spraw - Kancelaria Adwokacka Anita Jamr\u00f3z","isPartOf":{"@id":"https:\/\/jamroz-kancelaria.pl\/#website"},"primaryImageOfPage":{"@id":"https:\/\/jamroz-kancelaria.pl\/?page_id=2#primaryimage"},"image":{"@id":"https:\/\/jamroz-kancelaria.pl\/?page_id=2#primaryimage"},"thumbnailUrl":"https:\/\/jamroz-kancelaria.pl\/wp-content\/uploads\/2023\/09\/icons8-weight-care-64.png","datePublished":"2023-01-05T17:47:17+00:00","dateModified":"2023-11-24T17:26:20+00:00","description":"Zakres us\u0142ug kancelarii obejmuje prowadzenie sprawy z zakresu prawa karnego, cywilnego, rodzinnego, prawa pracy oraz prawa administracyjnego.","breadcrumb":{"@id":"https:\/\/jamroz-kancelaria.pl\/?page_id=2#breadcrumb"},"inLanguage":"pl-PL","potentialAction":[{"@type":"ReadAction","target":["https:\/\/jamroz-kancelaria.pl\/?page_id=2"]}]},{"@type":"ImageObject","inLanguage":"pl-PL","@id":"https:\/\/jamroz-kancelaria.pl\/?page_id=2#primaryimage","url":"https:\/\/jamroz-kancelaria.pl\/wp-content\/uploads\/2023\/09\/icons8-weight-care-64.png","contentUrl":"https:\/\/jamroz-kancelaria.pl\/wp-content\/uploads\/2023\/09\/icons8-weight-care-64.png","width":64,"height":64},{"@type":"BreadcrumbList","@id":"https:\/\/jamroz-kancelaria.pl\/?page_id=2#breadcrumb","itemListElement":[{"@type":"ListItem","position":1,"name":"Strona g\u0142\u00f3wna","item":"https:\/\/jamroz-kancelaria.pl\/"},{"@type":"ListItem","position":2,"name":"Zakres spraw"}]},{"@type":"WebSite","@id":"https:\/\/jamroz-kancelaria.pl\/#website","url":"https:\/\/jamroz-kancelaria.pl\/","name":"Kancelaria Adwokacka Anita Jamr\u00f3z","description":"Kancelaria Adwokacka Anita Jamr\u00f3z","publisher":{"@id":"https:\/\/jamroz-kancelaria.pl\/#organization"},"potentialAction":[{"@type":"SearchAction","target":{"@type":"EntryPoint","urlTemplate":"https:\/\/jamroz-kancelaria.pl\/?s={search_term_string}"},"query-input":{"@type":"PropertyValueSpecification","valueRequired":true,"valueName":"search_term_string"}}],"inLanguage":"pl-PL"},{"@type":"Organization","@id":"https:\/\/jamroz-kancelaria.pl\/#organization","name":"Kancelaria Adwokacka Anita Jamr\u00f3z","url":"https:\/\/jamroz-kancelaria.pl\/","logo":{"@type":"ImageObject","inLanguage":"pl-PL","@id":"https:\/\/jamroz-kancelaria.pl\/#\/schema\/logo\/image\/","url":"https:\/\/jamroz-kancelaria.pl\/wp-content\/uploads\/2025\/01\/cropped-aj-logo-gold_small-removebg-preview.png","contentUrl":"https:\/\/jamroz-kancelaria.pl\/wp-content\/uploads\/2025\/01\/cropped-aj-logo-gold_small-removebg-preview.png","width":102,"height":132,"caption":"Kancelaria Adwokacka Anita Jamr\u00f3z"},"image":{"@id":"https:\/\/jamroz-kancelaria.pl\/#\/schema\/logo\/image\/"}}]}},"_links":{"self":[{"href":"https:\/\/jamroz-kancelaria.pl\/index.php?rest_route=\/wp\/v2\/pages\/2"}],"collection":[{"href":"https:\/\/jamroz-kancelaria.pl\/index.php?rest_route=\/wp\/v2\/pages"}],"about":[{"href":"https:\/\/jamroz-kancelaria.pl\/index.php?rest_route=\/wp\/v2\/types\/page"}],"author":[{"embeddable":true,"href":"https:\/\/jamroz-kancelaria.pl\/index.php?rest_route=\/wp\/v2\/users\/1"}],"replies":[{"embeddable":true,"href":"https:\/\/jamroz-kancelaria.pl\/index.php?rest_route=%2Fwp%2Fv2%2Fcomments&post=2"}],"version-history":[{"count":38,"href":"https:\/\/jamroz-kancelaria.pl\/index.php?rest_route=\/wp\/v2\/pages\/2\/revisions"}],"predecessor-version":[{"id":321,"href":"https:\/\/jamroz-kancelaria.pl\/index.php?rest_route=\/wp\/v2\/pages\/2\/revisions\/321"}],"wp:attachment":[{"href":"https:\/\/jamroz-kancelaria.pl\/index.php?rest_route=%2Fwp%2Fv2%2Fmedia&parent=2"}],"curies":[{"name":"wp","href":"https:\/\/api.w.org\/{rel}","templated":true}]}}