{"id":17,"date":"2023-03-06T19:00:46","date_gmt":"2023-03-06T19:00:46","guid":{"rendered":"https:\/\/jamroz-kancelaria.pl\/?page_id=17"},"modified":"2023-11-19T19:49:51","modified_gmt":"2023-11-19T19:49:51","slug":"adwokat-anita-jamroz","status":"publish","type":"page","link":"https:\/\/jamroz-kancelaria.pl\/?page_id=17","title":{"rendered":"Kontakt"},"content":{"rendered":"\n<div class=\"wp-block-columns is-layout-flex wp-container-core-columns-layout-1 wp-block-columns-is-layout-flex\">\n<div class=\"wp-block-column is-layout-flow wp-block-column-is-layout-flow\">\n<p>tel. 694 359 815<\/p>\n\n\n\n<p><strong>Filia<\/strong><\/p>\n\n\n\n<p>50-002 Wroc\u0142aw<br>ul. Hugona Ko\u0142\u0142\u0105taja 32<\/p>\n\n\n\n<p><\/p>\n\n\n\n<p><strong>Adres do dor\u0119cze\u0144<\/strong><\/p>\n\n\n\n<p>54-008 Wroc\u0142aw<br>ul. Jajczarska 71a<\/p>\n\n\n\n<p><\/p>\n\n\n\n<p><strong>Dane Kancelarii<\/strong><\/p>\n\n\n\n<p>NIP: 8943009421\u00a0\u00a0 REGON: 523738672<\/p>\n\n\n\n<p>e-mail: kancelaria.ajamroz@gmail.com<\/p>\n\n\n\n<p>nr. rachunku: 05 1090 2529 0000 0001 5267 6839<\/p>\n<\/div>\n\n\n\n<div class=\"wp-block-column is-layout-flow wp-block-column-is-layout-flow\">\n<iframe src=\"https:\/\/www.google.com\/maps\/d\/u\/0\/embed?mid=1IvIPwnl0oSHvflfyurVpY_oh9yituUg&ehbc=2E312F\" width=100% height=300px><\/iframe>\n<\/div>\n<\/div>\n","protected":false},"excerpt":{"rendered":"<p>tel. 694 359 815 Filia 50-002 Wroc\u0142awul. Hugona Ko\u0142\u0142\u0105taja 32 Adres do dor\u0119cze\u0144 54-008 Wroc\u0142awul. Jajczarska 71a Dane Kancelarii NIP: 8943009421\u00a0\u00a0 REGON: 523738672 e-mail: kancelaria.ajamroz@gmail.com nr. rachunku: 05 1090 2529 0000 0001 5267 6839<\/p>\n","protected":false},"author":1,"featured_media":0,"parent":0,"menu_order":0,"comment_status":"closed","ping_status":"closed","template":"","meta":{"_themeisle_gutenberg_block_has_review":false,"footnotes":""},"yoast_head":"<!-- This site is optimized with the Yoast SEO plugin v23.5 - https:\/\/yoast.com\/wordpress\/plugins\/seo\/ -->\n<title>Kontakt - Kancelaria Adwokacka Anita Jamr\u00f3z<\/title>\n<meta name=\"description\" content=\"Adwokat Anita Jamr\u00f3z Wroc\u0142aw - wroc\u0142awski prawnik rozw\u00f3d, podzia\u0142 maj\u0105tku, zniesienie wsp\u00f3\u0142w\u0142asno\u015bci, alimenty, ustalenie kontakt\u00f3w.\" \/>\n<meta name=\"robots\" content=\"index, follow, max-snippet:-1, max-image-preview:large, max-video-preview:-1\" \/>\n<link rel=\"canonical\" href=\"https:\/\/jamroz-kancelaria.pl\/?page_id=17\" \/>\n<meta property=\"og:locale\" content=\"pl_PL\" \/>\n<meta property=\"og:type\" content=\"article\" \/>\n<meta property=\"og:title\" content=\"Kontakt - Kancelaria Adwokacka Anita Jamr\u00f3z\" \/>\n<meta property=\"og:description\" content=\"Adwokat Anita Jamr\u00f3z Wroc\u0142aw - wroc\u0142awski prawnik rozw\u00f3d, podzia\u0142 maj\u0105tku, zniesienie wsp\u00f3\u0142w\u0142asno\u015bci, alimenty, ustalenie kontakt\u00f3w.\" \/>\n<meta property=\"og:url\" content=\"https:\/\/jamroz-kancelaria.pl\/?page_id=17\" \/>\n<meta property=\"og:site_name\" content=\"Kancelaria Adwokacka Anita Jamr\u00f3z\" \/>\n<meta property=\"article:modified_time\" content=\"2023-11-19T19:49:51+00:00\" \/>\n<meta name=\"twitter:card\" content=\"summary_large_image\" \/>\n<meta name=\"twitter:label1\" content=\"Szacowany czas czytania\" \/>\n\t<meta name=\"twitter:data1\" content=\"1 minuta\" \/>\n<script type=\"application\/ld+json\" class=\"yoast-schema-graph\">{\"@context\":\"https:\/\/schema.org\",\"@graph\":[{\"@type\":\"WebPage\",\"@id\":\"https:\/\/jamroz-kancelaria.pl\/?page_id=17\",\"url\":\"https:\/\/jamroz-kancelaria.pl\/?page_id=17\",\"name\":\"Kontakt - Kancelaria Adwokacka Anita Jamr\u00f3z\",\"isPartOf\":{\"@id\":\"https:\/\/jamroz-kancelaria.pl\/#website\"},\"datePublished\":\"2023-03-06T19:00:46+00:00\",\"dateModified\":\"2023-11-19T19:49:51+00:00\",\"description\":\"Adwokat Anita Jamr\u00f3z Wroc\u0142aw - wroc\u0142awski prawnik rozw\u00f3d, podzia\u0142 maj\u0105tku, zniesienie wsp\u00f3\u0142w\u0142asno\u015bci, alimenty, ustalenie kontakt\u00f3w.\",\"breadcrumb\":{\"@id\":\"https:\/\/jamroz-kancelaria.pl\/?page_id=17#breadcrumb\"},\"inLanguage\":\"pl-PL\",\"potentialAction\":[{\"@type\":\"ReadAction\",\"target\":[\"https:\/\/jamroz-kancelaria.pl\/?page_id=17\"]}]},{\"@type\":\"BreadcrumbList\",\"@id\":\"https:\/\/jamroz-kancelaria.pl\/?page_id=17#breadcrumb\",\"itemListElement\":[{\"@type\":\"ListItem\",\"position\":1,\"name\":\"Strona g\u0142\u00f3wna\",\"item\":\"https:\/\/jamroz-kancelaria.pl\/\"},{\"@type\":\"ListItem\",\"position\":2,\"name\":\"Kontakt\"}]},{\"@type\":\"WebSite\",\"@id\":\"https:\/\/jamroz-kancelaria.pl\/#website\",\"url\":\"https:\/\/jamroz-kancelaria.pl\/\",\"name\":\"Kancelaria Adwokacka Anita Jamr\u00f3z\",\"description\":\"Kancelaria Adwokacka Anita Jamr\u00f3z\",\"publisher\":{\"@id\":\"https:\/\/jamroz-kancelaria.pl\/#organization\"},\"potentialAction\":[{\"@type\":\"SearchAction\",\"target\":{\"@type\":\"EntryPoint\",\"urlTemplate\":\"https:\/\/jamroz-kancelaria.pl\/?s={search_term_string}\"},\"query-input\":{\"@type\":\"PropertyValueSpecification\",\"valueRequired\":true,\"valueName\":\"search_term_string\"}}],\"inLanguage\":\"pl-PL\"},{\"@type\":\"Organization\",\"@id\":\"https:\/\/jamroz-kancelaria.pl\/#organization\",\"name\":\"Kancelaria Adwokacka Anita Jamr\u00f3z\",\"url\":\"https:\/\/jamroz-kancelaria.pl\/\",\"logo\":{\"@type\":\"ImageObject\",\"inLanguage\":\"pl-PL\",\"@id\":\"https:\/\/jamroz-kancelaria.pl\/#\/schema\/logo\/image\/\",\"url\":\"https:\/\/jamroz-kancelaria.pl\/wp-content\/uploads\/2025\/01\/cropped-aj-logo-gold_small-removebg-preview.png\",\"contentUrl\":\"https:\/\/jamroz-kancelaria.pl\/wp-content\/uploads\/2025\/01\/cropped-aj-logo-gold_small-removebg-preview.png\",\"width\":102,\"height\":132,\"caption\":\"Kancelaria Adwokacka Anita Jamr\u00f3z\"},\"image\":{\"@id\":\"https:\/\/jamroz-kancelaria.pl\/#\/schema\/logo\/image\/\"}}]}<\/script>\n<!-- \/ Yoast SEO plugin. -->","yoast_head_json":{"title":"Kontakt - Kancelaria Adwokacka Anita Jamr\u00f3z","description":"Adwokat Anita Jamr\u00f3z Wroc\u0142aw - wroc\u0142awski prawnik rozw\u00f3d, podzia\u0142 maj\u0105tku, zniesienie wsp\u00f3\u0142w\u0142asno\u015bci, alimenty, ustalenie kontakt\u00f3w.","robots":{"index":"index","follow":"follow","max-snippet":"max-snippet:-1","max-image-preview":"max-image-preview:large","max-video-preview":"max-video-preview:-1"},"canonical":"https:\/\/jamroz-kancelaria.pl\/?page_id=17","og_locale":"pl_PL","og_type":"article","og_title":"Kontakt - Kancelaria Adwokacka Anita Jamr\u00f3z","og_description":"Adwokat Anita Jamr\u00f3z Wroc\u0142aw - wroc\u0142awski prawnik rozw\u00f3d, podzia\u0142 maj\u0105tku, zniesienie wsp\u00f3\u0142w\u0142asno\u015bci, alimenty, ustalenie kontakt\u00f3w.","og_url":"https:\/\/jamroz-kancelaria.pl\/?page_id=17","og_site_name":"Kancelaria Adwokacka Anita Jamr\u00f3z","article_modified_time":"2023-11-19T19:49:51+00:00","twitter_card":"summary_large_image","twitter_misc":{"Szacowany czas czytania":"1 minuta"},"schema":{"@context":"https:\/\/schema.org","@graph":[{"@type":"WebPage","@id":"https:\/\/jamroz-kancelaria.pl\/?page_id=17","url":"https:\/\/jamroz-kancelaria.pl\/?page_id=17","name":"Kontakt - Kancelaria Adwokacka Anita Jamr\u00f3z","isPartOf":{"@id":"https:\/\/jamroz-kancelaria.pl\/#website"},"datePublished":"2023-03-06T19:00:46+00:00","dateModified":"2023-11-19T19:49:51+00:00","description":"Adwokat Anita Jamr\u00f3z Wroc\u0142aw - wroc\u0142awski prawnik rozw\u00f3d, podzia\u0142 maj\u0105tku, zniesienie wsp\u00f3\u0142w\u0142asno\u015bci, alimenty, ustalenie kontakt\u00f3w.","breadcrumb":{"@id":"https:\/\/jamroz-kancelaria.pl\/?page_id=17#breadcrumb"},"inLanguage":"pl-PL","potentialAction":[{"@type":"ReadAction","target":["https:\/\/jamroz-kancelaria.pl\/?page_id=17"]}]},{"@type":"BreadcrumbList","@id":"https:\/\/jamroz-kancelaria.pl\/?page_id=17#breadcrumb","itemListElement":[{"@type":"ListItem","position":1,"name":"Strona g\u0142\u00f3wna","item":"https:\/\/jamroz-kancelaria.pl\/"},{"@type":"ListItem","position":2,"name":"Kontakt"}]},{"@type":"WebSite","@id":"https:\/\/jamroz-kancelaria.pl\/#website","url":"https:\/\/jamroz-kancelaria.pl\/","name":"Kancelaria Adwokacka Anita Jamr\u00f3z","description":"Kancelaria Adwokacka Anita Jamr\u00f3z","publisher":{"@id":"https:\/\/jamroz-kancelaria.pl\/#organization"},"potentialAction":[{"@type":"SearchAction","target":{"@type":"EntryPoint","urlTemplate":"https:\/\/jamroz-kancelaria.pl\/?s={search_term_string}"},"query-input":{"@type":"PropertyValueSpecification","valueRequired":true,"valueName":"search_term_string"}}],"inLanguage":"pl-PL"},{"@type":"Organization","@id":"https:\/\/jamroz-kancelaria.pl\/#organization","name":"Kancelaria Adwokacka Anita Jamr\u00f3z","url":"https:\/\/jamroz-kancelaria.pl\/","logo":{"@type":"ImageObject","inLanguage":"pl-PL","@id":"https:\/\/jamroz-kancelaria.pl\/#\/schema\/logo\/image\/","url":"https:\/\/jamroz-kancelaria.pl\/wp-content\/uploads\/2025\/01\/cropped-aj-logo-gold_small-removebg-preview.png","contentUrl":"https:\/\/jamroz-kancelaria.pl\/wp-content\/uploads\/2025\/01\/cropped-aj-logo-gold_small-removebg-preview.png","width":102,"height":132,"caption":"Kancelaria Adwokacka Anita Jamr\u00f3z"},"image":{"@id":"https:\/\/jamroz-kancelaria.pl\/#\/schema\/logo\/image\/"}}]}},"_links":{"self":[{"href":"https:\/\/jamroz-kancelaria.pl\/index.php?rest_route=\/wp\/v2\/pages\/17"}],"collection":[{"href":"https:\/\/jamroz-kancelaria.pl\/index.php?rest_route=\/wp\/v2\/pages"}],"about":[{"href":"https:\/\/jamroz-kancelaria.pl\/index.php?rest_route=\/wp\/v2\/types\/page"}],"author":[{"embeddable":true,"href":"https:\/\/jamroz-kancelaria.pl\/index.php?rest_route=\/wp\/v2\/users\/1"}],"replies":[{"embeddable":true,"href":"https:\/\/jamroz-kancelaria.pl\/index.php?rest_route=%2Fwp%2Fv2%2Fcomments&post=17"}],"version-history":[{"count":27,"href":"https:\/\/jamroz-kancelaria.pl\/index.php?rest_route=\/wp\/v2\/pages\/17\/revisions"}],"predecessor-version":[{"id":262,"href":"https:\/\/jamroz-kancelaria.pl\/index.php?rest_route=\/wp\/v2\/pages\/17\/revisions\/262"}],"wp:attachment":[{"href":"https:\/\/jamroz-kancelaria.pl\/index.php?rest_route=%2Fwp%2Fv2%2Fmedia&parent=17"}],"curies":[{"name":"wp","href":"https:\/\/api.w.org\/{rel}","templated":true}]}}